{"id":2314,"date":"2022-12-21T14:01:13","date_gmt":"2022-12-21T14:01:13","guid":{"rendered":"http:\/\/allos.pt\/?page_id=2314"},"modified":"2023-01-03T16:28:15","modified_gmt":"2023-01-03T16:28:15","slug":"encomendas-e-pagamentos","status":"publish","type":"page","link":"https:\/\/allos.pt\/en\/encomendas-e-pagamentos\/","title":{"rendered":"Orders and Payments"},"content":{"rendered":"<div id=\"fws_69f1f79b21f8c\"  data-column-margin=\"default\" data-midnight=\"dark\" data-top-percent=\"4%\" data-bottom-percent=\"2%\"  class=\"wpb_row vc_row-fluid vc_row\"  style=\"padding-top: calc(100vw * 0.04); padding-bottom: calc(100vw * 0.02); \"><div class=\"row-bg-wrap\" data-bg-animation=\"none\" data-bg-animation-delay=\"\" data-bg-overlay=\"false\"><div class=\"inner-wrap row-bg-layer\" ><div class=\"row-bg viewport-desktop\"  style=\"\"><\/div><\/div><\/div><div class=\"row_col_wrap_12 col span_12 dark left\">\n\t<div  class=\"vc_col-sm-12 wpb_column column_container vc_column_container col centered-text no-extra-padding inherit_tablet inherit_phone\"  data-padding-pos=\"all\" data-has-bg-color=\"false\" data-bg-color=\"\" data-bg-opacity=\"1\" data-animation=\"\" data-delay=\"0\" >\n\t\t<div class=\"vc_column-inner\" >\n\t\t\t<div class=\"wpb_wrapper\">\n\t\t\t\t\n<div class=\"wpb_text_column wpb_content_element\" >\n\t<div class=\"wpb_wrapper\">\n\t\t<h3>Orders and Payments<\/h3>\n\t<\/div>\n<\/div>\n\n\n\n\n\t\t\t<\/div> \n\t\t<\/div>\n\t<\/div> \n<\/div><\/div>\n\t\t<div id=\"fws_69f1f79b22d12\"  data-column-margin=\"default\" data-midnight=\"dark\" data-bottom-percent=\"6%\"  class=\"wpb_row vc_row-fluid vc_row  right_padding_15pct left_padding_15pct\"  style=\"padding-top: 0px; padding-bottom: calc(100vw * 0.06); \"><div class=\"row-bg-wrap\" data-bg-animation=\"none\" data-bg-animation-delay=\"\" data-bg-overlay=\"false\"><div class=\"inner-wrap row-bg-layer\" ><div class=\"row-bg viewport-desktop\"  style=\"\"><\/div><\/div><\/div><div class=\"row_col_wrap_12 col span_12 dark left\">\n\t<div  class=\"vc_col-sm-12 wpb_column column_container vc_column_container col no-extra-padding inherit_tablet inherit_phone\"  data-padding-pos=\"all\" data-has-bg-color=\"false\" data-bg-color=\"\" data-bg-opacity=\"1\" data-animation=\"\" data-delay=\"0\" >\n\t\t<div class=\"vc_column-inner\" >\n\t\t\t<div class=\"wpb_wrapper\">\n\t\t\t\t<div class=\"toggles accordion\" data-br=\"none\" data-starting=\"default\" data-style=\"default\"><div class=\"toggle extra-color-3\" data-inner-wrap=\"true\"><h3 class=\"toggle-title\"><a href=\"#\" class=\"toggle-heading\"><i class=\"fa fa-plus-circle\"><\/i>Payments<\/a><\/h3><div><div class=\"inner-toggle-wrap\">\n<div class=\"wpb_text_column wpb_content_element  vc_custom_1672763212099\" >\n\t<div class=\"wpb_wrapper\">\n\t\t<p>The price that is applied to the purchase corresponds to the date on which we receive confirmation of your payment. Until the moment of confirmation of payment by our payment entity, the products are the property of ALLOS.<\/p>\n<p>Inherent fees and shipping costs and payment fees are presented prior to purchase. The sale of our products is only allowed to persons over 18 years of age or to minors when accompanied by adults.<\/p>\n<p>All monetary movements made through ALLOS are handled and transacted through dedicated third-party gateways, thus ensuring user protection.<\/p>\n<p>No card information is stored and all is handled by SSL encryption.<\/p>\n<p>We ask that you read the terms and conditions of the payment gateway chosen for the transaction, as they are responsible for the transactions carried out.<\/p>\n\t<\/div>\n<\/div>\n\n\n\n<\/div><\/div><\/div><div class=\"toggle extra-color-3\" data-inner-wrap=\"true\"><h3 class=\"toggle-title\"><a href=\"#\" class=\"toggle-heading\"><i class=\"fa fa-plus-circle\"><\/i>Handling<\/a><\/h3><div><div class=\"inner-toggle-wrap\">\n<div class=\"wpb_text_column wpb_content_element  vc_custom_1672763272457\" >\n\t<div class=\"wpb_wrapper\">\n\t\t<p>After processing your order, you will receive the tracking number and your details by email.<\/p>\n<p>The approximate transit time is 1 to 5 business days, depending on the final destination.<\/p>\n\t<\/div>\n<\/div>\n\n\n\n<\/div><\/div><\/div><div class=\"toggle extra-color-3\" data-inner-wrap=\"true\"><h3 class=\"toggle-title\"><a href=\"#\" class=\"toggle-heading\"><i class=\"fa fa-plus-circle\"><\/i>Expedition<\/a><\/h3><div><div class=\"inner-toggle-wrap\">\n<div class=\"wpb_text_column wpb_content_element  vc_custom_1671632390875\" >\n\t<div class=\"wpb_wrapper\">\n\t\t<p>Once your order has been processed you will receive a tracking number and details via email. Average transit times are 1 to 5 working days, depending on the destination (please consider the extra time for your customs control and don't forget that if you choose a pre-order item, this period only starts after shipment ).<\/p>\n\t<\/div>\n<\/div>\n\n\n\n<\/div><\/div><\/div><\/div>\n\n\n\n\n\n\n\n\n\n\n\n\n\n\n\n\n\n\n\n\n\t\t\t<\/div> \n\t\t<\/div>\n\t<\/div> \n<\/div><\/div>","protected":false},"excerpt":{"rendered":"Encomendas e Pagamentos Pagamentos O pre\u00e7o que \u00e9 amputado \u00e0 compra \u00e9 o correspondente \u00e0 data em que recebemos a confirma\u00e7\u00e3o do seu pagamento. At\u00e9 ao momento de confirma\u00e7\u00e3o do...","protected":false},"author":1,"featured_media":0,"parent":0,"menu_order":0,"comment_status":"closed","ping_status":"closed","template":"","meta":{"footnotes":""},"class_list":["post-2314","page","type-page","status-publish"],"jetpack_sharing_enabled":true,"_links":{"self":[{"href":"https:\/\/allos.pt\/en\/wp-json\/wp\/v2\/pages\/2314","targetHints":{"allow":["GET"]}}],"collection":[{"href":"https:\/\/allos.pt\/en\/wp-json\/wp\/v2\/pages"}],"about":[{"href":"https:\/\/allos.pt\/en\/wp-json\/wp\/v2\/types\/page"}],"author":[{"embeddable":true,"href":"https:\/\/allos.pt\/en\/wp-json\/wp\/v2\/users\/1"}],"replies":[{"embeddable":true,"href":"https:\/\/allos.pt\/en\/wp-json\/wp\/v2\/comments?post=2314"}],"version-history":[{"count":14,"href":"https:\/\/allos.pt\/en\/wp-json\/wp\/v2\/pages\/2314\/revisions"}],"predecessor-version":[{"id":2537,"href":"https:\/\/allos.pt\/en\/wp-json\/wp\/v2\/pages\/2314\/revisions\/2537"}],"wp:attachment":[{"href":"https:\/\/allos.pt\/en\/wp-json\/wp\/v2\/media?parent=2314"}],"curies":[{"name":"wp","href":"https:\/\/api.w.org\/{rel}","templated":true}]}}