{"id":1867,"date":"2022-09-30T17:37:25","date_gmt":"2022-09-30T17:37:25","guid":{"rendered":"http:\/\/allos.pt\/?page_id=1867"},"modified":"2023-01-03T16:21:32","modified_gmt":"2023-01-03T16:21:32","slug":"contacto","status":"publish","type":"page","link":"https:\/\/allos.pt\/en\/contacto\/","title":{"rendered":"Talk With Us"},"content":{"rendered":"<div id=\"fws_69f16fc9cc87b\"  data-column-margin=\"default\" data-midnight=\"dark\"  class=\"wpb_row vc_row-fluid vc_row full-width-section row-contactos\"  style=\"padding-top: 250px; padding-bottom: 250px; \"><div class=\"row-bg-wrap\" data-bg-animation=\"zoom-out-slow\" data-bg-animation-delay=\"\" data-bg-overlay=\"false\"><div class=\"inner-wrap row-bg-layer using-image\" ><div class=\"row-bg viewport-desktop using-image using-bg-color\"  style=\"background-image: url(https:\/\/allos.pt\/wp-content\/uploads\/2022\/09\/allos_pattern_white.png); background-position: center center; background-repeat: no-repeat; background-color: #0a0a0a; \"><\/div><\/div><\/div><div class=\"row_col_wrap_12 col span_12 dark left\">\n\t<div  class=\"vc_col-sm-12 wpb_column column_container vc_column_container col has-animation no-extra-padding inherit_tablet inherit_phone\"  data-padding-pos=\"all\" data-has-bg-color=\"false\" data-bg-color=\"\" data-bg-opacity=\"1\" data-animation=\"reveal-from-bottom\" data-delay=\"0\" >\n\t\t<div class=\"vc_column-inner\" >\n\t\t\t<div class=\"wpb_wrapper\">\n\t\t\t\t\n<div class=\"wpb_text_column wpb_content_element  text\" >\n\t<div class=\"wpb_wrapper\">\n\t\t<h1 style=\"margin-bottom: 15px; color: white; text-align: center; font-weight: 800 !important; text-transform: lowercase !important; line-height: 1em; letter-spacing: 4px;\">contact<\/h1>\n<h3 style=\"color: white; text-align: center; font-weight: 100 !important; line-height: 1em;\">info<\/h3>\n\t<\/div>\n<\/div>\n\n\n\n\n\t\t\t<\/div> \n\t\t<\/div>\n\t<\/div> \n<\/div><\/div>\n\t\t<div id=\"fws_69f16fc9cdde0\"  data-column-margin=\"default\" data-midnight=\"dark\"  class=\"wpb_row vc_row-fluid vc_row full-width-section  right_padding_175px left_padding_175px right_padding_tablet_0px right_padding_phone_0px left_padding_tablet_0px left_padding_phone_0px\"  style=\"padding-top: 150px; padding-bottom: 150px; \"><div class=\"row-bg-wrap\" data-bg-animation=\"zoom-out-slow\" data-bg-animation-delay=\"\" data-bg-overlay=\"false\"><div class=\"inner-wrap row-bg-layer using-image\" ><div class=\"row-bg viewport-desktop using-image\"  style=\"background-image: url(https:\/\/allos.pt\/wp-content\/uploads\/2022\/09\/allos_background-05.png); background-position: left top; background-repeat: no-repeat; \"><\/div><\/div><\/div><div class=\"row_col_wrap_12 col span_12 dark left\">\n\t<div  class=\"vc_col-sm-6 vertical wpb_column column_container vc_column_container col has-animation no-extra-padding inherit_tablet inherit_phone\"  data-padding-pos=\"all\" data-has-bg-color=\"false\" data-bg-color=\"\" data-bg-opacity=\"1\" data-animation=\"reveal-from-left\" data-delay=\"0\" >\n\t\t<div class=\"vc_column-inner\" >\n\t\t\t<div class=\"wpb_wrapper\">\n\t\t\t\t\n<div class=\"wpb_text_column wpb_content_element  vertical\" >\n\t<div class=\"wpb_wrapper\">\n\t\t<h4 style=\"font-weight: bold; margin-bottom: 15px; text-align: left; line-height: 1.2em; font-size: 32px;\">Can we help you find the perfect piece of jewelry for you or that special someone?<\/h4>\n<h4 style=\"font-weight: bold; margin-bottom: 35px; text-align: left; line-height: 1.2em; font-size: 32px;\">We are happy to answer<br \/>\n\u00e0s suas quest\u00f5es.<\/h4>\n<h4 style=\"text-align: left;\"><a href=\"tel:'+351 915742813'\">+351 915742813<\/a><span style=\"font-size: 14px;\"> Call to Portuguese National Landline Number<\/span><\/h4>\n<h4 style=\"text-align: left;\"><a href=\"mailto:'geral@allos.com'\">geral@allos.pt<\/a><\/h4>\n\t<\/div>\n<\/div>\n\n\n\n\n\t\t\t<\/div> \n\t\t<\/div>\n\t<\/div> \n\n\t<div  class=\"vc_col-sm-6 wpb_column column_container vc_column_container col has-animation no-extra-padding inherit_tablet inherit_phone\"  data-padding-pos=\"all\" data-has-bg-color=\"false\" data-bg-color=\"\" data-bg-opacity=\"1\" data-animation=\"reveal-from-right\" data-delay=\"0\" >\n\t\t<div class=\"vc_column-inner\" >\n\t\t\t<div class=\"wpb_wrapper\">\n\t\t\t\t<div class=\"wpforms-container wpforms-container-full\" id=\"wpforms-1871\"><form id=\"wpforms-form-1871\" class=\"wpforms-validate wpforms-form wpforms-ajax-form\" data-formid=\"1871\" method=\"post\" enctype=\"multipart\/form-data\" action=\"\/en\/wp-json\/wp\/v2\/pages\/1867\" data-token=\"73c6500662a510b278a73c50c949f426\" data-token-time=\"1777430473\" data-trp-original-action=\"\/en\/wp-json\/wp\/v2\/pages\/1867\"><noscript class=\"wpforms-error-noscript\">Please enable JavaScript in your browser to complete this form.<\/noscript><div class=\"wpforms-field-container\"><div id=\"wpforms-1871-field_0-container\" class=\"wpforms-field wpforms-field-name\" data-field-id=\"0\"><label class=\"wpforms-field-label\" for=\"wpforms-1871-field_0\">Name <span class=\"wpforms-required-label\">*<\/span><\/label><input type=\"text\" id=\"wpforms-1871-field_0\" class=\"wpforms-field-large wpforms-field-required\" name=\"wpforms[fields][0]\" required><\/div><div id=\"wpforms-1871-field_1-container\" class=\"wpforms-field wpforms-field-email\" data-field-id=\"1\"><label class=\"wpforms-field-label\" for=\"wpforms-1871-field_1\">Email <span class=\"wpforms-required-label\">*<\/span><\/label><input type=\"email\" id=\"wpforms-1871-field_1\" class=\"wpforms-field-large wpforms-field-required\" name=\"wpforms[fields][1]\" spellcheck=\"false\" required><\/div><div id=\"wpforms-1871-field_2-container\" class=\"wpforms-field wpforms-field-textarea\" data-field-id=\"2\"><label class=\"wpforms-field-label\" for=\"wpforms-1871-field_2\">Message<\/label><textarea id=\"wpforms-1871-field_2\" class=\"wpforms-field-medium\" name=\"wpforms[fields][2]\" ><\/textarea><\/div><\/div><!-- .wpforms-field-container --><div class=\"wpforms-submit-container\" ><input type=\"hidden\" name=\"wpforms[id]\" value=\"1871\"><input type=\"hidden\" name=\"page_title\" value=\"\"><input type=\"hidden\" name=\"page_url\" value=\"https:\/\/allos.pt\/en\/wp-json\/wp\/v2\/pages\/1867\"><input type=\"hidden\" name=\"url_referer\" value=\"\"><button type=\"submit\" name=\"wpforms[submit]\" id=\"wpforms-submit-1871\" class=\"wpforms-submit\" data-alt-text=\"A enviar...\" data-submit-text=\"Enviar\" aria-live=\"assertive\" value=\"wpforms-submit\">Send<\/button><img loading=\"lazy\" decoding=\"async\" src=\"https:\/\/allos.pt\/wp-content\/plugins\/wpforms-lite\/assets\/images\/submit-spin.svg\" class=\"wpforms-submit-spinner\" style=\"display: none;\" width=\"26\" height=\"26\" alt=\"Loading\"><\/div><input type=\"hidden\" name=\"trp-form-language\" value=\"en\"\/><\/form><\/div>  <!-- .wpforms-container -->\n\t\t\t<\/div> \n\t\t<\/div>\n\t<\/div> \n<\/div><\/div>","protected":false},"excerpt":{"rendered":"contacto informa\u00e7\u00f5es Podemos ajud\u00e1-lo a encontrar a joia perfeita para si ou para algu\u00e9m especial? Temos todo o gosto em responder \u00e0s suas quest\u00f5es. +351 915742813 - Chamada para N\u00famero...","protected":false},"author":1,"featured_media":0,"parent":0,"menu_order":0,"comment_status":"closed","ping_status":"closed","template":"","meta":{"footnotes":""},"class_list":["post-1867","page","type-page","status-publish"],"jetpack_sharing_enabled":true,"_links":{"self":[{"href":"https:\/\/allos.pt\/en\/wp-json\/wp\/v2\/pages\/1867","targetHints":{"allow":["GET"]}}],"collection":[{"href":"https:\/\/allos.pt\/en\/wp-json\/wp\/v2\/pages"}],"about":[{"href":"https:\/\/allos.pt\/en\/wp-json\/wp\/v2\/types\/page"}],"author":[{"embeddable":true,"href":"https:\/\/allos.pt\/en\/wp-json\/wp\/v2\/users\/1"}],"replies":[{"embeddable":true,"href":"https:\/\/allos.pt\/en\/wp-json\/wp\/v2\/comments?post=1867"}],"version-history":[{"count":51,"href":"https:\/\/allos.pt\/en\/wp-json\/wp\/v2\/pages\/1867\/revisions"}],"predecessor-version":[{"id":2533,"href":"https:\/\/allos.pt\/en\/wp-json\/wp\/v2\/pages\/1867\/revisions\/2533"}],"wp:attachment":[{"href":"https:\/\/allos.pt\/en\/wp-json\/wp\/v2\/media?parent=1867"}],"curies":[{"name":"wp","href":"https:\/\/api.w.org\/{rel}","templated":true}]}}